{"id":8,"date":"2010-07-13T01:10:35","date_gmt":"2010-07-13T00:10:35","guid":{"rendered":"http:\/\/www.lespassengers.com\/?page_id=8"},"modified":"2021-05-27T22:14:51","modified_gmt":"2021-05-27T22:14:51","slug":"budget","status":"publish","type":"page","link":"https:\/\/www.lespassengers.com\/index.php\/budget\/","title":{"rendered":"Budget"},"content":{"rendered":"\n<div class=\"wp-block-image\"><figure class=\"alignright\"><a href=\"https:\/\/www.lespassengers.com\/wp-content\/uploads\/2010\/07\/pile_pieces.jpg\" data-rel=\"lightbox-image-0\" data-rl_title=\"\" data-rl_caption=\"\"><img loading=\"lazy\" decoding=\"async\" width=\"137\" height=\"170\" src=\"https:\/\/www.lespassengers.com\/wp-content\/uploads\/2010\/07\/pile_pieces.jpg\" alt=\"\" class=\"wp-image-242\" title=\"\"\/><\/a><\/figure><\/div>\n\n\n\n<p><br>La question qui fait peur&#8230; En fait c&#8217;est la premi\u00e8re question qu&#8217;on s&#8217;est pos\u00e9&nbsp;au d\u00e9part. On s&#8217;est vite dit qu&#8217;on \u00e9tait fou, et puis \u00e0 force de faire tourner les chiffres dans notre t\u00eate, on a fini par se convaincre qu&#8217;avec un peu d&#8217;effort et en se serrant un peu la ceinture (arr\u00eate de serrer, je peux plus respirer&#8230;), on pourrait y arriver.<br>Le budget macro se r\u00e9partit de la sorte<\/p>\n\n\n\n<h3 class=\"wp-block-heading\"><strong>BUDGET PREVISIONNEL<\/strong><\/h3>\n\n\n\n<figure class=\"wp-block-table\"><table><tbody><tr><td><h4><strong>EQUIPEMENT<\/strong><span style=\"font-family: inherit; font-size: inherit; font-weight: inherit;\"> <\/span><\/h4><\/td><td>&nbsp;<\/td><\/tr><tr><td>V\u00eatements de Moto<\/td><td>2940\u20ac<\/td><\/tr><tr><td>Mat\u00e9riel de camping<\/td><td>950\u20ac<\/td><\/tr><tr><td>Electronique<\/td><td>2550\u20ac<\/td><\/tr><tr><td>Guides et Cartes<\/td><td>150\u20ac<\/td><\/tr><tr><td><h4><strong>EQUIPEMENT MOTO<\/strong><span style=\"font-family: inherit; font-size: inherit; font-weight: inherit;\"> <\/span><\/h4><\/td><td>&nbsp;<\/td><\/tr><tr><td>Bagages<\/td><td>2240\u20ac<\/td><\/tr><tr><td>Pr\u00e9paration moto<\/td><td>760\u20ac<\/td><\/tr><tr><td>Outils<\/td><td>150\u20ac<\/td><\/tr><tr><td><h4><strong>SANTE<\/strong><span style=\"font-family: inherit; font-size: inherit; font-weight: inherit;\"> <\/span><\/h4><\/td><td>&nbsp;<\/td><\/tr><tr><td>Vaccinations<\/td><td>940\u20ac<\/td><\/tr><tr><td>Trousse premier secours<\/td><td>150\u20ac<\/td><\/tr><tr><td>Assurance rapatriement<\/td><td>1500\u20ac<\/td><\/tr><tr><td><h4><strong>TRANSPORT<\/strong><span style=\"font-family: inherit; font-size: inherit; font-weight: inherit;\"> <\/span><\/h4><\/td><td>&nbsp;<\/td><\/tr><tr><td>Essence<\/td><td>5800\u20ac<\/td><\/tr><tr><td>Frets motos (avion et bateau)<\/td><td>7900\u20ac<\/td><\/tr><tr><td>Travers\u00e9es oc\u00e9ans pilotes<\/td><td>4800\u20ac<\/td><\/tr><tr><td><h4><strong>ADMINISTRATIFS<\/strong><span style=\"font-family: inherit; font-size: inherit; font-weight: inherit;\"> <\/span><\/h4><\/td><td>&nbsp;<\/td><\/tr><tr><td>Visas<\/td><td>710\u20ac<\/td><\/tr><tr><td>Carnet de Passage en Douane (restituable)<\/td><td>12000\u20ac<\/td><\/tr><tr><td>Assurance Moto Tier<\/td><td>1200\u20ac<\/td><\/tr><tr><td><h4><strong>VIE QUOTIDIENNE <\/strong><\/h4><\/td><td>\n<h4 style=\"text-align: right;\"><strong>10650\u20ac <\/strong><\/h4>\n<\/td><\/tr><tr><td><\/td><\/tr><tr><td><strong><br>TOTAL POUR 2<\/strong><\/td><td><strong>54000<\/strong>\u20ac<\/td><\/tr><\/tbody><\/table><\/figure>\n\n\n\n<p>Et pour les curieux qui veulent le d\u00e9tail complet,&nbsp; <a id=\"aptureLink_m91T6MJ2jD\" title=\"budget d\u00e9taill\u00e9\" href=\"https:\/\/www.lespassengers.com\/wp-content\/uploads\/2011\/11\/Shopping_List_CONSOLIDATED1.xls\" target=\"_blank\" rel=\"noopener\">l&#8217;excel est dispo ICI<\/a><\/p>\n\n\n\n<h3 class=\"wp-block-heading\"><strong>Quelques remarques<\/strong><\/h3>\n\n\n\n<p>Nous avons volontairement pris un budget large, qui comprend une marge de s\u00e9curit\u00e9. Nous pr\u00e9f\u00e9rons \u00eatre conservatif que de nous retrouver \u00e0&nbsp;l&#8217;autre bout du monde sans argent pour remplir le r\u00e9servoir d&#8217;essence pour pouvoir revenir.<br><strong><span style=\"font-weight: normal;\"><br>La partie la plus importante du budget correspond aux transports a\u00e9riens et au fret des motos. Forc\u00e9ment un vol intercontinental ca coute cher&nbsp;; mais alors quand il s&#8217;agit de faire traverser un oc\u00e9an \u00e0 votre moto, l\u00e0 ca casque carr\u00e9ment (jeu de mot, maitre Capello&#8230;). Cela dit quand on aime on ne compte pas&nbsp;; alors non seulement nous avons budg\u00e9t\u00e9 de faire traverser un oc\u00e9an \u00e0 nos bien aim\u00e9es, mais nous avons m\u00eame pr\u00e9vu&nbsp;pour pouvoir les ramener des Etats-Unis, une fois notre trip termin\u00e9. <\/span><\/strong><br>La partie vie quotidienne rassemble l&#8217;h\u00e9bergement et la bouffe. Le montant est \u00e9tonnamment raisonnable. Les 2 raisons principales sont les suivantes:<\/p>\n\n\n\n<ol class=\"wp-block-list\"><li>nous pensons beaucoup dormir sous tente, et utiliser la communaut\u00e9 Couch Surfing quand nous le pourrons&nbsp;; l&#8217;h\u00f4tel &nbsp;ne sera gard\u00e9 qu&#8217;en cas d&#8217;ultime recours (par exemple les jours ou nous serons au milieu de nul part et ou on aura rouler pendant 7 heures sous une pluie torrentielle).<\/li><li>une fois quitt\u00e9e l&#8217;Europe, et tant que nous ne sommes pas arriv\u00e9s aux USA, le cout de la vie, pour nous chanceux Occidentaux, est assez raisonnable.<\/li><\/ol>\n\n\n\n<h3 class=\"wp-block-heading\"><strong>Carnet de passage en douane???<\/strong><\/h3>\n\n\n\n<div class=\"wp-block-image\"><figure class=\"alignleft\"><img loading=\"lazy\" decoding=\"async\" width=\"203\" height=\"288\" src=\"https:\/\/www.lespassengers.com\/wp-content\/uploads\/2010\/07\/CarnetDePassage.jpg\" alt=\"\" class=\"wp-image-237\" title=\"CarnetDePassage\"\/><\/figure><\/div>\n\n\n\n<p><strong><span style=\"font-weight: normal;\">Pour ceux qui ne sauraient pas \u00e0 quoi correspond le ruineux &#8220;Carnet de Passage en Douane&#8221;: c&#8217;est le bout de papier jaune le plus cher du monde, ou presque. Ca \u00e9quivaut au passeport de la moto. Il est obligatoire d\u00e8s que l&#8217;on am\u00e8ne son v\u00e9hicule hors d&#8217;Europe. Il est d\u00e9livr\u00e9 par les Automobile Clubs. Pour l&#8217;obtenir il faut d\u00e9poser une caution qui oscille entre 100% et 200% de la valeur nominale (cote Argus) du v\u00e9hicule. \u2028Le carnet d\u00e9livr\u00e9, il est imp\u00e9ratif qu&#8217;il soit tamponn\u00e9 \u00e0 l&#8217;entr\u00e9e ET \u00e0 la sortie de chacun des pays travers\u00e9s. Si le carnet est rapport\u00e9 correctement tamponn\u00e9, la caution est restitu\u00e9e au retour. Sinon? On ne pr\u00e9f\u00e8re pas y penser&#8230;<\/span><\/strong><br>Mais alors pourquoi donc ce carnet et ces tampons? En fait l&#8217;Automobile Club se porte garant que vous n&#8217;exportiez pas ill\u00e9galement le v\u00e9hicule dans le pays. Il s&#8217;engage dans le cas ou vous le faite, \u00e0 payer l&#8217;\u00e9quivalent des taxes qui auraient \u00e9t\u00e9 encaiss\u00e9es dans le cas d\u2019une importation l\u00e9gale. Et dans certains pays comme l&#8217;Egypte ou l&#8217;Iran, les taxes correspondent \u00e0&#8230; 200% de leur valeur r\u00e9siduelle. cqfd<\/p>\n\n\n\n<h3 class=\"wp-block-heading\"><strong>Conclusion<\/strong><\/h3>\n\n\n\n<p>27 000 euros par personne c&#8217;est beaucoup! Cela dit on peut exprimer les choses diff\u00e9remment; 27 000 euros c&#8217;est le prix de la nouvelle Golf Carat, et encore sans toutes les options. Si on regarde les choses sous cet angle, pour le prix d&#8217;une Volkswagen (la voiture du peuple), nous allons pouvoir nous offrir un an en moto, autour du monde, \u00e0 d\u00e9couvrir notre plan\u00e8te dans son intimit\u00e9. Ca relativise, non?&nbsp;En tous les cas, nous, notre choix est fait.<\/p>\n\n\n\n<div class=\"wp-block-image\"><figure class=\"aligncenter\"><img loading=\"lazy\" decoding=\"async\" width=\"760\" height=\"368\" src=\"https:\/\/www.lespassengers.com\/wp-content\/uploads\/2010\/07\/Comparaison_2.png\" alt=\"\" class=\"wp-image-503\" title=\"Comparaison_2\" srcset=\"https:\/\/www.lespassengers.com\/wp-content\/uploads\/2010\/07\/Comparaison_2.png 760w, https:\/\/www.lespassengers.com\/wp-content\/uploads\/2010\/07\/Comparaison_2-300x145.png 300w\" sizes=\"auto, (max-width: 760px) 100vw, 760px\" \/><\/figure><\/div>\n\n\n\n<p class=\"has-text-align-center\"><em>Les photos pr\u00e9sent\u00e9es ne sont pas a l&#8217;\u00e9chelle&#8230;<\/em><\/p>\n","protected":false},"excerpt":{"rendered":"<p>La question qui fait peur&#8230; En fait c&#8217;est la premi\u00e8re question qu&#8217;on s&#8217;est pos\u00e9&nbsp;au d\u00e9part. On s&#8217;est vite dit qu&#8217;on &hellip; <\/p>\n","protected":false},"author":1,"featured_media":0,"parent":0,"menu_order":5,"comment_status":"open","ping_status":"closed","template":"","meta":{"footnotes":""},"class_list":["post-8","page","type-page","status-publish","hentry"],"jetpack_sharing_enabled":true,"_links":{"self":[{"href":"https:\/\/www.lespassengers.com\/index.php\/wp-json\/wp\/v2\/pages\/8","targetHints":{"allow":["GET"]}}],"collection":[{"href":"https:\/\/www.lespassengers.com\/index.php\/wp-json\/wp\/v2\/pages"}],"about":[{"href":"https:\/\/www.lespassengers.com\/index.php\/wp-json\/wp\/v2\/types\/page"}],"author":[{"embeddable":true,"href":"https:\/\/www.lespassengers.com\/index.php\/wp-json\/wp\/v2\/users\/1"}],"replies":[{"embeddable":true,"href":"https:\/\/www.lespassengers.com\/index.php\/wp-json\/wp\/v2\/comments?post=8"}],"version-history":[{"count":2,"href":"https:\/\/www.lespassengers.com\/index.php\/wp-json\/wp\/v2\/pages\/8\/revisions"}],"predecessor-version":[{"id":7526,"href":"https:\/\/www.lespassengers.com\/index.php\/wp-json\/wp\/v2\/pages\/8\/revisions\/7526"}],"wp:attachment":[{"href":"https:\/\/www.lespassengers.com\/index.php\/wp-json\/wp\/v2\/media?parent=8"}],"curies":[{"name":"wp","href":"https:\/\/api.w.org\/{rel}","templated":true}]}}