{"id":4,"date":"2010-07-13T01:09:58","date_gmt":"2010-07-13T01:09:58","guid":{"rendered":"http:\/\/www.lespassengers.com\/?page_id=4"},"modified":"2024-02-15T12:39:50","modified_gmt":"2024-02-15T12:39:50","slug":"les-passengers","status":"publish","type":"page","link":"https:\/\/www.lespassengers.com\/index.php\/les-passengers\/","title":{"rendered":"Les Passengers"},"content":{"rendered":"\n<h2 class=\"wp-block-heading\">Un peu plus sur lui<\/h2>\n\n\n\n<figure class=\"wp-block-table aligncenter is-style-regular\"><table><tbody><tr><td><strong><h2>Anto<\/h2>N\u00e9e en : <\/strong>1983<br><strong>Originaire :<\/strong> Saint-Priest, Rh\u00f4ne<br><strong>Expression favorite : <\/strong>\u00ab\u00a0Believe there is no limit but the sky\u00a0\u00bb<br><br><strong>J\u2019aime\u00a0:<\/strong><br>Cultiver un brin de folie<br>Ne pas dormir 2 jours de suite dans le m\u00eame lit<br>La Guinness sur mes moustaches<br>La joie de vivre<br><br><strong>Je n\u2019aime pas\u00a0:<\/strong><br>Le quotidien trop bien r\u00e9gl\u00e9<br>Les longs silences<br>Ceux qui ne doutent jamais<br>Andr\u00e9 Rieu<\/td><td class=\"has-text-align-left\" data-align=\"left\"><img decoding=\"async\" src=\"https:\/\/www.lespassengers.com\/wp-content\/uploads\/2010\/07\/Anto1-249x300.png\" alt=\"\"><\/td><\/tr><\/tbody><\/table><\/figure>\n\n\n\n<h2>Un peu plus sur elles<\/h2>\n\n\n\n<figure class=\"wp-block-table\"><table><tbody><tr><td><img decoding=\"async\" src=\"https:\/\/www.lespassengers.com\/wp-content\/uploads\/2010\/07\/Lizzie.png\" alt=\"\"><\/td><td><strong><h2>Elizabeth alias Lizzie<\/h2>N\u00e9e en\u00a0: <\/strong>2008<br><strong>Originaire\u00a0: <\/strong>Munich, Bavi\u00e8re<br><strong>P\u00e9digr\u00e9 : <\/strong>F650 GS bicylindre (800cc), 2008<br><strong>Lieu de r\u00e9sidence\u00a0: <\/strong>Londres, Royaume-Unis<br><strong>En r\u00e9sum\u00e9\u00a0: <\/strong>La force tranquille<br><br><strong>Ce qu\u2019elle pr\u00e9f\u00e8re\u00a0:<\/strong> Les acc\u00e9l\u00e9rations apr\u00e8s les<br>feux rouges (ca m&#8217;a d&#8217;ailleurs cout\u00e9\u00a03 points ces $*&amp;%@&#8230;)<br><br><strong>Ce qu\u2019elle d\u00e9teste\u00a0:<\/strong> Les pervenches londoniennes qui\u00a0<br>verbalisent m\u00eame les 2 roues<\/td><\/tr><tr><td><strong><h2>Cherie Moya<\/h2><\/strong><strong>Age&nbsp;: <\/strong>7 ans<br><strong>Originaire&nbsp;:&nbsp;<\/strong>Japon<br><strong>P\u00e9digr\u00e9 :&nbsp;<\/strong>Subaru Outback (V6), 2004<br><strong>Lieu de r\u00e9sidence&nbsp;:&nbsp;<\/strong>Santiago, Chili<br><strong>En r\u00e9sum\u00e9&nbsp;:<\/strong>&nbsp;L\u2019endurante routi\u00e8re<br><br><strong>Ce qu\u2019elle pr\u00e9f\u00e8re&nbsp;:&nbsp;<\/strong>La poussi\u00e8re des routes patagoniennes<br>et les d\u00e9rapages contr\u00f4l\u00e9s<br><br><strong>Ce qu\u2019elle d\u00e9teste&nbsp;:&nbsp;<\/strong>Les poteaux \u00e9lectriques, surtout en marche arri\u00e8re&#8230;<br><br><strong>Mission : <\/strong>traverser l&#8217;Am\u00e9rique du Sud pendant que Lizzie<br>et les oreilles d&#8217;Anto se reposent avant la derni\u00e8re ligne<br>droite Nord Am\u00e9ricaine<\/td><td><img decoding=\"async\" src=\"https:\/\/www.lespassengers.com\/wp-content\/uploads\/2010\/07\/chery-266x300.png\" alt=\"\"><\/td><\/tr><\/tbody><\/table><\/figure>\n","protected":false},"excerpt":{"rendered":"<p>Un peu plus sur lui Anto N\u00e9e en : 1983Originaire : Saint-Priest, Rh\u00f4neExpression favorite : \u00ab\u00a0Believe there is no limit &hellip; <\/p>\n","protected":false},"author":1,"featured_media":0,"parent":0,"menu_order":1,"comment_status":"open","ping_status":"open","template":"","meta":{"footnotes":""},"class_list":["post-4","page","type-page","status-publish","hentry"],"jetpack_sharing_enabled":true,"_links":{"self":[{"href":"https:\/\/www.lespassengers.com\/index.php\/wp-json\/wp\/v2\/pages\/4","targetHints":{"allow":["GET"]}}],"collection":[{"href":"https:\/\/www.lespassengers.com\/index.php\/wp-json\/wp\/v2\/pages"}],"about":[{"href":"https:\/\/www.lespassengers.com\/index.php\/wp-json\/wp\/v2\/types\/page"}],"author":[{"embeddable":true,"href":"https:\/\/www.lespassengers.com\/index.php\/wp-json\/wp\/v2\/users\/1"}],"replies":[{"embeddable":true,"href":"https:\/\/www.lespassengers.com\/index.php\/wp-json\/wp\/v2\/comments?post=4"}],"version-history":[{"count":14,"href":"https:\/\/www.lespassengers.com\/index.php\/wp-json\/wp\/v2\/pages\/4\/revisions"}],"predecessor-version":[{"id":8307,"href":"https:\/\/www.lespassengers.com\/index.php\/wp-json\/wp\/v2\/pages\/4\/revisions\/8307"}],"wp:attachment":[{"href":"https:\/\/www.lespassengers.com\/index.php\/wp-json\/wp\/v2\/media?parent=4"}],"curies":[{"name":"wp","href":"https:\/\/api.w.org\/{rel}","templated":true}]}}