{"id":346,"date":"2010-07-28T01:43:11","date_gmt":"2010-07-28T00:43:11","guid":{"rendered":"http:\/\/www.lespassengers.com\/?page_id=346"},"modified":"2024-09-11T07:32:56","modified_gmt":"2024-09-11T07:32:56","slug":"dans-la-presse","status":"publish","type":"page","link":"https:\/\/www.lespassengers.com\/index.php\/dans-la-presse\/","title":{"rendered":"La Presse"},"content":{"rendered":"\n<p>Je vous l\u2019accorde, je ne suis pas encore une star internationale, mais l&#8217;on entend tout de m\u00eame parler de moi \u00e0 droite \u00e0 gauche. L&#8217;avantage de ne pas \u00eatre une star hollywoodienne, c&#8217;est que l&#8217;on peut facilement garder une liste de ses apparitions. Et bien s\u00fbr, je ne r\u00e9siste pas au plaisir de partager cette liste avec vous\u2026.<\/p>\n\n\n\n<p class=\"has-medium-font-size\"><strong>CHERI, C&#8217;EST TOI A LA TELE?<\/strong><\/p>\n\n\n\n<figure class=\"wp-block-table\"><table><tbody><tr><td><a href=\"http:\/\/www.wtoc.com\/\"><img loading=\"lazy\" decoding=\"async\" src=\"https:\/\/www.lespassengers.com\/wp-content\/uploads\/2010\/07\/wtoc_new-1.png\" alt=\"wtoc_new\" width=\"162\" height=\"87\"><\/a><\/td><td>WTOC, interview 11 janvier 2013 &#8211; <br><a href=\"https:\/\/www.lespassengers.com\/wp-content\/uploads\/2022\/05\/video_WTOC.asf\">voir la vid\u00e9o<\/a>&nbsp;&#8211; <a rel=\"noreferrer noopener\" href=\"http:\/\/www.wtoc.com\/story\/20558525\/man-wraps-up-worldwide-motorcycle-trip-with-savannah-pitstop\" target=\"_blank\">voir l&#8217;article associ\u00e9<\/a><\/td><\/tr><\/tbody><\/table><figcaption class=\"wp-element-caption\"><br><\/figcaption><\/figure>\n\n\n\n<p class=\"has-medium-font-size\"><strong>CHERI, C&#8217;EST TOI DANS LA RADIO?<\/strong><\/p>\n\n\n\n<figure class=\"wp-block-table\"><table><tbody><tr><td><a href=\"http:\/\/radio-aypfm.com\"><img loading=\"lazy\" decoding=\"async\" width=\"144\" height=\"42\" src=\"https:\/\/www.lespassengers.com\/wp-content\/uploads\/2010\/07\/AYP-RADIO-1.jpeg\" alt=\"\"><\/a><a href=\"http:\/\/radio-aypfm.com\"><\/a><\/td><td>Ayp Fm, septembre 2010 &#8211; enregistrement non disponible en ligne<\/td><\/tr><tr><td><a rel=\"noreferrer noopener\" href=\"http:\/\/www.radiopluriel.fr\" target=\"_blank\"><img loading=\"lazy\" decoding=\"async\" width=\"137\" height=\"60\" src=\"https:\/\/www.lespassengers.com\/wp-content\/uploads\/2010\/07\/Logo_Radio_pluriel-1.jpg\" alt=\"Logo_Radio_pluriel\"><\/a><a rel=\"noreferrer noopener\" href=\"http:\/\/www.radiopluriel.fr\" target=\"_blank\"><\/a><\/td><td>Radio Plurielle, Couleur FM, mars 2013 &#8211; enregistrement ci-dessous<br>\ufeff<\/td><\/tr><\/tbody><\/table><\/figure>\n\n\n\n<figure class=\"wp-block-audio\"><audio controls src=\"https:\/\/www.lespassengers.com\/wp-content\/uploads\/2021\/05\/CouleursFM-03-2013_interview.mp3\"><\/audio><\/figure>\n\n\n\n<figure class=\"wp-block-table\"><table><tbody><tr><td><a href=\"https:\/\/www.mouv.fr\/emissions\" target=\"_blank\" rel=\"noreferrer noopener\"><img loading=\"lazy\" decoding=\"async\" width=\"175\" height=\"102\" class=\"wp-image-8276\" style=\"width: 175px;\" src=\"https:\/\/www.lespassengers.com\/wp-content\/uploads\/2022\/05\/le-mouv.jpeg\" alt=\"\" srcset=\"https:\/\/www.lespassengers.com\/wp-content\/uploads\/2022\/05\/le-mouv.jpeg 600w, https:\/\/www.lespassengers.com\/wp-content\/uploads\/2022\/05\/le-mouv-300x175.jpeg 300w\" sizes=\"auto, (max-width: 175px) 100vw, 175px\" \/><\/a><\/td><td>Le Mouv, Allo la Plan\u00e8te, 6 novembre 2013 &#8211; non disponible en ligne<br>Le Mouv, la nuit Allo la Plan\u00e8te, 21 d\u00e9cembre 2013 &#8211; non disponible en ligne<\/td><\/tr><\/tbody><\/table><\/figure>\n\n\n\n<p class=\"has-medium-font-size\"><strong>CHERI, MAIS C&#8217;EST TOI DANS LE JOURNAL?<\/strong><\/p>\n\n\n\n<figure class=\"wp-block-table\"><table><tbody><tr><td><a href=\"https:\/\/mirrorspectator.com\"><img loading=\"lazy\" decoding=\"async\" width=\"150\" height=\"55\" class=\"wp-image-8318\" style=\"width: 150px;\" src=\"https:\/\/www.lespassengers.com\/wp-content\/uploads\/2024\/09\/Screenshot-2024-09-11-at-09.29.53.png\" alt=\"\" srcset=\"https:\/\/www.lespassengers.com\/wp-content\/uploads\/2024\/09\/Screenshot-2024-09-11-at-09.29.53.png 406w, https:\/\/www.lespassengers.com\/wp-content\/uploads\/2024\/09\/Screenshot-2024-09-11-at-09.29.53-300x111.png 300w\" sizes=\"auto, (max-width: 150px) 100vw, 150px\" \/><\/a><\/td><td>Mirror Spectator, September 2024 &#8211; <br><a href=\"https:\/\/mirrorspectator.com\/2024\/09\/05\/antranik-zekian-we-are-the-masters-of-our-own-destiny\/\" data-type=\"link\" data-id=\"https:\/\/mirrorspectator.com\/2024\/09\/05\/antranik-zekian-we-are-the-masters-of-our-own-destiny\/\">voir l&#8217;article<\/a><\/td><\/tr><tr><td><a href=\"https:\/\/www.norharatch.com\" target=\"_blank\" rel=\"noreferrer noopener\"><img loading=\"lazy\" decoding=\"async\" width=\"162\" height=\"89\" src=\"https:\/\/www.lespassengers.com\/wp-content\/uploads\/2010\/07\/Nor-haratch.jpg\" alt=\"\"><\/a><\/td><td>Nor Haratch, novembre 2013 &#8211;&nbsp;<br><a href=\"https:\/\/www.lespassengers.com\/wp-content\/uploads\/2013\/12\/article-haratch-26112013-reduced-1.pdf\">voir l&#8217;article<\/a><\/td><\/tr><tr><td><img loading=\"lazy\" decoding=\"async\" src=\"https:\/\/www.lespassengers.com\/wp-content\/uploads\/2021\/05\/standard_magazine_logo.png\" alt=\"\" width=\"165\" height=\"57\"><\/td><td>Standard Magazine, janvier 2012 &#8211; <br><em>Dossier sp\u00e9cial sur le Triangle d\u2019Or birman<\/em><br><a href=\"https:\/\/www.lespassengers.com\/wp-content\/uploads\/2022\/05\/Article_Standard.pdf\">voir <\/a><a href=\"https:\/\/www.lespassengers.com\/wp-content\/uploads\/2022\/05\/Article_Standard.pdf\" target=\"_blank\" rel=\"noreferrer noopener\">l&#8217;article<\/a><\/td><\/tr><tr><td><a href=\"https:\/\/ulusoy.com.tr\" target=\"_blank\" rel=\"noreferrer noopener\"><img loading=\"lazy\" decoding=\"async\" width=\"200\" height=\"61\" src=\"https:\/\/www.lespassengers.com\/wp-content\/uploads\/2010\/07\/ulusoy-e1317311012295.gif\" alt=\"\"><\/a><\/td><td>Ulusoy Travel, septembre 2011 &#8211; <br><em>La travers\u00e9e de la Turquie \u00e0 moto<\/em><br><a href=\"https:\/\/www.lespassengers.com\/wp-content\/uploads\/2011\/09\/ulusoytravel.pdf\">voir l&#8217;article<\/a><\/td><\/tr><tr><td><a href=\"https:\/\/www.agos.com.tr\/tr\/anasayfa\" target=\"_blank\" rel=\"noreferrer noopener\"><img loading=\"lazy\" decoding=\"async\" width=\"96\" height=\"72\" src=\"https:\/\/www.lespassengers.com\/wp-content\/uploads\/2010\/12\/agos.jpg\" alt=\"\"><\/a><\/td><td>Agos, 10 d\u00e9cembre 2010 &#8211; <a href=\"https:\/\/www.lespassengers.com\/wp-content\/uploads\/2011\/09\/AGOS-SAYFA-9.pdf\">voir l&#8217;article<\/a><br>Agos, 26 octobre 2012 &#8211; <a href=\"http:\/\/www.agos.com.tr\/haber.php?seo=ve-bu-arada-armeniada-bir-takside&amp;haberid=3111\">voir l&#8217;article<\/a><\/td><\/tr><tr><td><a href=\"https:\/\/www.leprogres.fr\" target=\"_blank\" rel=\"noreferrer noopener\"><img loading=\"lazy\" decoding=\"async\" width=\"151\" height=\"31\" src=\"https:\/\/www.lespassengers.com\/wp-content\/uploads\/2010\/07\/logo_le_progres1.jpg\" alt=\"\"><\/a><\/td><td>Le Progr\u00e8s, 5 juillet 2010 &#8211; <a href=\"https:\/\/www.lespassengers.com\/wp-content\/uploads\/2011\/09\/progres_507.pdf\">voir l&#8217;article<\/a><br>Le Progr\u00e8s, 16 mars 2013 &#8211; <a href=\"https:\/\/www.lespassengers.com\/wp-content\/uploads\/2010\/07\/progres-mars-2013.pdf\">voir l&#8217;article<\/a><br>Le&nbsp;Progr\u00e8s, 23 mars 2013 &#8211; <a href=\"https:\/\/www.lespassengers.com\/?attachment_id=6055\" target=\"_blank\" rel=\"noreferrer noopener\">voir l&#8217;article<\/a><br>Le&nbsp;Progr\u00e8s, 29 avril 2013 &#8211;<a href=\"https:\/\/www.lespassengers.com\/wp-content\/uploads\/2010\/07\/progres-Anto-avril-2013-e1369478394774.jpg\" data-rel=\"lightbox-image-0\" data-rl_title=\"\" data-rl_caption=\"\" title=\"\">voir l&#8217;article<\/a><\/td><\/tr><tr><td><a href=\"https:\/\/www.armenews.com\" target=\"_blank\" rel=\"noreferrer noopener\"><img loading=\"lazy\" decoding=\"async\" width=\"162\" height=\"26\" src=\"https:\/\/www.lespassengers.com\/wp-content\/uploads\/2010\/07\/NAM.jpg\" alt=\"\"><\/a><\/td><td>Nouvelles d&#8217;Arm\u00e9nie, Septembre 2010 \u00e0 F\u00e9vrier 2011<br><em>Carnets de voyage d\u2019un nomade de Paris \u00e0 T\u00e9h\u00e9ran<\/em><br>Septembre 2010 &#8211; <a href=\"https:\/\/www.lespassengers.com\/wp-content\/uploads\/2011\/09\/NAM-Septembre.pdf\">voir l&#8217;article<\/a><br>Octobre 2010 &#8211; <a href=\"https:\/\/www.lespassengers.com\/wp-content\/uploads\/2011\/09\/Nam_Octobre.pdf\" target=\"_blank\" rel=\"noreferrer noopener\">voir l&#8217;article<\/a><br>Novembre 2010 &#8211; <a href=\"https:\/\/www.lespassengers.com\/wp-content\/uploads\/2011\/09\/Novembre_NAM_Passengers.pdf\">voir l&#8217;article<\/a><br>D\u00e9cembre 2010 &#8211; <a href=\"https:\/\/www.lespassengers.com\/wp-content\/uploads\/2022\/05\/December_NAM_Passengers.pdf\">voir l&#8217;article<\/a><br>Janvier 2011 &#8211; <a href=\"https:\/\/www.lespassengers.com\/wp-content\/uploads\/2011\/09\/Nam_janvier.pdf\">voir l&#8217;article<\/a><br>F\u00e9vrier 2011 &#8211; <a href=\"https:\/\/www.lespassengers.com\/wp-content\/uploads\/2011\/09\/Nam_Fevrier_2011.pdf\">voir l&#8217;article<\/a><\/td><\/tr><tr><td><a href=\"https:\/\/www.ville-saint-priest.fr\/couleurs-le-magazine\" target=\"_blank\" rel=\"noreferrer noopener\"><img loading=\"lazy\" decoding=\"async\" width=\"300\" height=\"87\" src=\"https:\/\/www.lespassengers.com\/wp-content\/uploads\/2010\/07\/TETIERE_COULEURS_Noir_Rouge-300x87.jpg\" alt=\"\"><\/a><\/td><td>Couleur, octobre 2010 &#8211; <a href=\"https:\/\/www.lespassengers.com\/wp-content\/uploads\/2022\/05\/Couleur_article_octobre_2010.pdf\">voir l&#8217;article<\/a><br>Couleur, mars 2013 &#8211;&nbsp;<a href=\"https:\/\/www.lespassengers.com\/wp-content\/uploads\/2010\/07\/scan-couleur-mars-2013.pdf\">voir l&#8217;article<\/a><\/td><\/tr><tr><td><img loading=\"lazy\" decoding=\"async\" src=\"https:\/\/www.lespassengers.com\/wp-content\/uploads\/2010\/07\/skyscanner_reduced_bis-1.jpg\" alt=\"skyscanner_reduced_bis\" width=\"184\" height=\"68\"><\/td><td>Skyscanner blog du mois, janvier 2013 &#8211;&nbsp;<a href=\"http:\/\/www.skyscanner.fr\/actualites\/blog-du-mois-de-janvier-les-passengers\" target=\"_blank\" rel=\"noreferrer noopener\">voir l&#8217;interview<\/a><\/td><\/tr><\/tbody><\/table><\/figure>\n\n\n\n<p><\/p>\n\n\n\n<h4 class=\"wp-block-heading has-medium-font-size\">CHERI, C&#8217;EST TOI SUR LA TOILE?<\/h4>\n\n\n\n<figure class=\"wp-block-table\"><table><tbody><tr><td><a href=\"http:\/\/www.ltdexperience.com\/livingthedream\/adventure-sports\/antos-journey-56000-miles-around-the-world-on-a-motorcycle\"><img decoding=\"async\" src=\"https:\/\/www.lespassengers.com\/wp-content\/uploads\/2010\/07\/LTDLogo-1.jpg\" alt=\"LTDLogo\" style=\"width: 200px;\"><\/a><\/td><td>Living the Dream, f\u00e9vrier 2013 &#8211; <a rel=\"noreferrer noopener\" href=\"http:\/\/www.ltdexperience.com\/?p=2921\" target=\"_blank\">voir l&#8217;interview et la vid\u00e9o<\/a><\/td><\/tr><\/tbody><\/table><\/figure>\n","protected":false},"excerpt":{"rendered":"<p>Je vous l\u2019accorde, je ne suis pas encore une star internationale, mais l&#8217;on entend tout de m\u00eame parler de moi &hellip; <\/p>\n","protected":false},"author":1,"featured_media":0,"parent":0,"menu_order":4,"comment_status":"open","ping_status":"closed","template":"","meta":{"footnotes":""},"class_list":["post-346","page","type-page","status-publish","hentry"],"jetpack_sharing_enabled":true,"_links":{"self":[{"href":"https:\/\/www.lespassengers.com\/index.php\/wp-json\/wp\/v2\/pages\/346","targetHints":{"allow":["GET"]}}],"collection":[{"href":"https:\/\/www.lespassengers.com\/index.php\/wp-json\/wp\/v2\/pages"}],"about":[{"href":"https:\/\/www.lespassengers.com\/index.php\/wp-json\/wp\/v2\/types\/page"}],"author":[{"embeddable":true,"href":"https:\/\/www.lespassengers.com\/index.php\/wp-json\/wp\/v2\/users\/1"}],"replies":[{"embeddable":true,"href":"https:\/\/www.lespassengers.com\/index.php\/wp-json\/wp\/v2\/comments?post=346"}],"version-history":[{"count":21,"href":"https:\/\/www.lespassengers.com\/index.php\/wp-json\/wp\/v2\/pages\/346\/revisions"}],"predecessor-version":[{"id":8320,"href":"https:\/\/www.lespassengers.com\/index.php\/wp-json\/wp\/v2\/pages\/346\/revisions\/8320"}],"wp:attachment":[{"href":"https:\/\/www.lespassengers.com\/index.php\/wp-json\/wp\/v2\/media?parent=346"}],"curies":[{"name":"wp","href":"https:\/\/api.w.org\/{rel}","templated":true}]}}